{"id":902,"date":"2025-02-02T16:35:47","date_gmt":"2025-02-02T16:35:47","guid":{"rendered":"https:\/\/r2greensolutions.com\/?post_type=product&#038;p=902"},"modified":"2025-05-07T11:14:10","modified_gmt":"2025-05-07T11:14:10","slug":"speelplaatstegel-50x50x45cm-met-pennen-set-van-4","status":"publish","type":"product","link":"https:\/\/r2greensolutions.com\/pt-b\/produto\/speelplaatstegel-50x50x45cm-met-pennen-set-van-4\/","title":{"rendered":"Telha de playground 50x50x4,5cm com pinos (Conjunto de 4)"},"content":{"rendered":"<h2>Telha de playground 50x50x4,5cm (incluindo pinos)<\/h2>\n<p>Essa placa de playground \u00e9 ideal se voc\u00ea estiver procurando uma placa de borracha para prote\u00e7\u00e3o contra quedas e redu\u00e7\u00e3o do risco de les\u00f5es. Pesquisas demonstraram que o uso de placas de borracha para playgrounds reduz o risco de les\u00f5es. As placas de playground foram amplamente testadas por meio dos procedimentos de teste do Head Injury Criteria (HIC).<\/p>\n<p>Os pisos de playground est\u00e3o em conformidade com a norma europeia EN 1177:2018 associada a superf\u00edcies de absor\u00e7\u00e3o de choque. Como resultado, as placas de playground oferecem a m\u00e1xima prote\u00e7\u00e3o para as crian\u00e7as que est\u00e3o brincando. As placas de playground com espessura de 4,5 cm t\u00eam uma altura de queda segura de at\u00e9 1,5 metro. Nossas placas de playground est\u00e3o dispon\u00edveis diretamente do estoque. N\u00e3o tem a altura de queda adequada? Ent\u00e3o d\u00ea uma olhada em nossas placas de jogo mais grossas. \u00c9 poss\u00edvel colar as pe\u00e7as com nossa massa de cola.<\/p>\n<p>&nbsp;<\/p>\n<p>Cuidado! Nos meses de ver\u00e3o, os azulejos (pretos) do playground podem ficar muito quentes sob a luz do sol. Portanto, tenha cuidado quando as crian\u00e7as estiverem brincando descal\u00e7as ou com as pernas nuas. Borrife as lajotas regularmente com \u00e1gua fria durante a brincadeira para esfri\u00e1-las.<\/p>\n<div><\/div>\n<div class=\"h2\">Especifica\u00e7\u00f5es do produto<\/div>\n<table border=\"1\" cellspacing=\"0\" cellpadding=\"2\">\n<tbody>\n<tr>\n<td>Qualidade<\/td>\n<td>Borracha reciclada<\/td>\n<\/tr>\n<tr>\n<td>Cor<\/td>\n<td>Azul escuro, Azul claro, Roxo, Rosa<\/td>\n<\/tr>\n<tr>\n<td>Comprimento<\/td>\n<td>500 mm (50 cm)<\/td>\n<\/tr>\n<tr>\n<td>Largura<\/td>\n<td>500 mm (50 cm)<\/td>\n<\/tr>\n<tr>\n<td>Espessura<\/td>\n<td>45 mm (4,5 cm)<\/td>\n<\/tr>\n<tr>\n<td>Implementa\u00e7\u00e3o<\/td>\n<td>Com conex\u00e3o de pino\/furo (j\u00e1 no ladrilho na entrega)<\/td>\n<\/tr>\n<tr>\n<td>Unidade de vendas<\/td>\n<td>Conjunto de 4<\/td>\n<\/tr>\n<tr>\n<td>Peso<\/td>\n<td>6,8 kg<\/td>\n<\/tr>\n<tr>\n<td>Altura da queda<\/td>\n<td>At\u00e9 150 cm<\/td>\n<\/tr>\n<tr>\n<td>Toler\u00e2ncia de tamanho comprimento\/largura<\/td>\n<td>+\/- 1,5%<\/td>\n<\/tr>\n<tr>\n<td>Toler\u00e2ncia de tamanho Espessura<\/td>\n<td>+\/- 8%<\/td>\n<\/tr>\n<tr>\n<td>Recursos<\/td>\n<td>\n<ul>\n<li>Sistema de drenagem integrado<\/li>\n<li>Reduz o risco de les\u00f5es<\/li>\n<li>Testado por meio dos procedimentos de teste HIC (Head Injury Criterion)<\/li>\n<li>Em conformidade com a norma europeia EN 1177:2018<\/li>\n<li>Resistente ao desgaste<\/li>\n<li>Resistente ao clima e ao vento<\/li>\n<li>F\u00e1cil de colocar<\/li>\n<li>F\u00e1cil de limpar<\/li>\n<li>Antiderrapante em condi\u00e7\u00f5es \u00famidas e secas<\/li>\n<\/ul>\n<\/td>\n<\/tr>\n<tr>\n<td>Aplicativos<\/td>\n<td>\n<ul>\n<li>Playgrounds<\/li>\n<li>Parques de skate<\/li>\n<li>P\u00e1tios<\/li>\n<li>Terra\u00e7os no telhado<\/li>\n<li>Varandas<\/li>\n<li>Sob paredes de escalada<\/li>\n<li>Qualquer outra situa\u00e7\u00e3o em que uma superf\u00edcie de absor\u00e7\u00e3o de choque possa proporcionar uma situa\u00e7\u00e3o mais segura<\/li>\n<\/ul>\n<\/td>\n<\/tr>\n<\/tbody>\n<\/table>","protected":false},"excerpt":{"rendered":"<p>Speelplaatstegel 50x50x4,5cm (inclusief pennen) Deze\u00a0 speelplaatstegel is ideaal wanneer u op zoek bent naar een rubberen tegel voor valbescherming en het verkleinen van de kans op letsel. Uit onderzoek is gebleken dat het gebruik van rubberen speelplaatstegels de kans op blessures verlaagt. De speelplaatstegels zijn uitgebreid getest door middel van de HIC-testprocedures (Head Injury Criteria). [&hellip;]<\/p>","protected":false},"featured_media":907,"comment_status":"open","ping_status":"closed","template":"","meta":[],"product_brand":[],"product_cat":[27,18,36],"product_tag":[],"class_list":{"0":"post-902","1":"product","2":"type-product","3":"status-publish","4":"has-post-thumbnail","6":"product_cat-alle-producten","7":"product_cat-rubberen-tegels","8":"product_cat-speelplaats-tegels","10":"first","11":"instock","12":"shipping-taxable","13":"purchasable","14":"product-type-variable"},"aioseo_notices":[],"jetpack_sharing_enabled":true,"_links":{"self":[{"href":"https:\/\/r2greensolutions.com\/pt-b\/wp-json\/wp\/v2\/product\/902","targetHints":{"allow":["GET"]}}],"collection":[{"href":"https:\/\/r2greensolutions.com\/pt-b\/wp-json\/wp\/v2\/product"}],"about":[{"href":"https:\/\/r2greensolutions.com\/pt-b\/wp-json\/wp\/v2\/types\/product"}],"replies":[{"embeddable":true,"href":"https:\/\/r2greensolutions.com\/pt-b\/wp-json\/wp\/v2\/comments?post=902"}],"wp:featuredmedia":[{"embeddable":true,"href":"https:\/\/r2greensolutions.com\/pt-b\/wp-json\/wp\/v2\/media\/907"}],"wp:attachment":[{"href":"https:\/\/r2greensolutions.com\/pt-b\/wp-json\/wp\/v2\/media?parent=902"}],"wp:term":[{"taxonomy":"product_brand","embeddable":true,"href":"https:\/\/r2greensolutions.com\/pt-b\/wp-json\/wp\/v2\/product_brand?post=902"},{"taxonomy":"product_cat","embeddable":true,"href":"https:\/\/r2greensolutions.com\/pt-b\/wp-json\/wp\/v2\/product_cat?post=902"},{"taxonomy":"product_tag","embeddable":true,"href":"https:\/\/r2greensolutions.com\/pt-b\/wp-json\/wp\/v2\/product_tag?post=902"}],"curies":[{"name":"wp","href":"https:\/\/api.w.org\/{rel}","templated":true}]}}