{"id":720,"date":"2025-01-27T00:37:21","date_gmt":"2025-01-27T00:37:21","guid":{"rendered":"https:\/\/r2greensolutions.com\/?post_type=product&#038;p=720"},"modified":"2025-05-07T12:07:09","modified_gmt":"2025-05-07T12:07:09","slug":"speelplaatstegel-epdm-100x50x48cm","status":"publish","type":"product","link":"https:\/\/r2greensolutions.com\/pt-b\/produto\/speelplaatstegel-epdm-100x50x48cm\/","title":{"rendered":"Telha de EPDM para playground 100x50x4,8cm (conjunto de 2 pe\u00e7as)"},"content":{"rendered":"<div class=\"product-features\"><\/div>\n<p><a name=\"product-information\"><\/a><\/p>\n<div class=\"product-description\">\n<div class=\"nowContent\" data-refresher-key=\"product-Content\" data-name=\"\">\n<h2>Telha de playground 100x50x4,8cm EPDM (incluindo pinos)<\/h2>\n<p>Essas placas de playground com camada superior de EPDM s\u00e3o ideais se voc\u00ea estiver procurando uma placa de borracha para prote\u00e7\u00e3o contra quedas e redu\u00e7\u00e3o do risco de les\u00f5es. Pesquisas demonstraram que o uso de placas de borracha para playgrounds reduz o risco de les\u00f5es. As placas de playground foram amplamente testadas por meio dos procedimentos de teste do Head Injury Criteria (HIC).<\/p>\n<p>&nbsp;<\/p>\n<div>Os pisos de playground est\u00e3o em conformidade com a norma europeia EN 1177:2018 associada a superf\u00edcies de absor\u00e7\u00e3o de choque e com os requisitos do Regulamento Reach UE 1907\/2006. Como resultado, as placas de playground oferecem a m\u00e1xima prote\u00e7\u00e3o para as crian\u00e7as que est\u00e3o brincando. As placas de playground com espessura de 4,8 cm t\u00eam uma altura de queda segura de at\u00e9 1,5 metro.<\/div>\n<p>&nbsp;<\/p>\n<p>Cuidado! Nos meses de ver\u00e3o, os azulejos do playground podem ficar muito quentes sob o sol forte. Portanto, tenha cuidado quando as crian\u00e7as estiverem brincando descal\u00e7as ou com as pernas nuas. Borrife os azulejos regularmente com \u00e1gua fria durante as brincadeiras para esfri\u00e1-los.<\/p>\n<div class=\"h2\">Especifica\u00e7\u00f5es do produto<\/div>\n<table border=\"1\" cellspacing=\"0\" cellpadding=\"2\">\n<tbody>\n<tr>\n<td>Qualidade<\/td>\n<td>Borracha reciclada<\/td>\n<\/tr>\n<tr>\n<td>Cor<\/td>\n<td>Amarelo, preto, vermelho, verde, cinza, azul, vermelho coral, roxo<\/td>\n<\/tr>\n<tr>\n<td>Comprimento<\/td>\n<td>1.000 mm (100 cm)<\/td>\n<\/tr>\n<tr>\n<td>Largura<\/td>\n<td>500 mm (50 cm)<\/td>\n<\/tr>\n<tr>\n<td>Espessura<\/td>\n<td>48 mm (4,8 cm)<\/td>\n<\/tr>\n<tr>\n<td>Unidade de vendas<\/td>\n<td>Cada (incluindo canetas)<\/td>\n<\/tr>\n<tr>\n<td>Peso<\/td>\n<td>13,18 kg<\/td>\n<\/tr>\n<tr>\n<td>Altura da queda<\/td>\n<td>At\u00e9 150 cm<\/td>\n<\/tr>\n<tr>\n<td>Toler\u00e2ncia de tamanho comprimento\/largura<\/td>\n<td>+\/- 1,5%<\/td>\n<\/tr>\n<tr>\n<td>Toler\u00e2ncia de tamanho Espessura<\/td>\n<td>+\/- 8%<\/td>\n<\/tr>\n<tr>\n<td>Subpavimento para piscina<\/td>\n<td>\u00a0at\u00e9 3800 litros<\/td>\n<\/tr>\n<tr>\n<td>Recursos<\/td>\n<td>\n<ul>\n<li>Sistema de drenagem integrado<\/li>\n<li>Reduz o risco de les\u00f5es<\/li>\n<li>Testado por meio dos procedimentos de teste HIC (Head Injury Criterion)<\/li>\n<li>Em conformidade com a norma europeia EN 1177:2018<\/li>\n<li>Resistente ao desgaste<\/li>\n<li>Resistente ao clima e ao vento<\/li>\n<li>F\u00e1cil de colocar<\/li>\n<li>F\u00e1cil de limpar<\/li>\n<li>Antiderrapante em condi\u00e7\u00f5es \u00famidas e secas<\/li>\n<li>Conjunto de 2<\/li>\n<\/ul>\n<\/td>\n<\/tr>\n<tr>\n<td>Aplicativos<\/td>\n<td>\n<ul>\n<li>Playgrounds<\/li>\n<li>Parques de skate<\/li>\n<li>P\u00e1tios<\/li>\n<li>Terra\u00e7os no telhado<\/li>\n<li>Varandas<\/li>\n<li>Sob paredes de escalada<\/li>\n<li>Piscina sob azulejos<\/li>\n<li>Qualquer outra situa\u00e7\u00e3o em que uma superf\u00edcie de absor\u00e7\u00e3o de choque possa proporcionar uma situa\u00e7\u00e3o mais segura<\/li>\n<\/ul>\n<\/td>\n<\/tr>\n<\/tbody>\n<\/table>\n<\/div>\n<\/div>","protected":false},"excerpt":{"rendered":"<p>Speelplaatstegel 100x50x4,8cm EPDM\u00a0 (inclusief pennen) Deze\u00a0 speelplaatstegel met EPDM toplaag zijn ideaal wanneer u op zoek bent naar een rubberen tegel voor valbescherming en het verkleinen van de kans op letsel. Uit onderzoek is gebleken dat het gebruik van rubberen speelplaatstegels de kans op blessures verlaagt. De speelplaatstegels zijn uitgebreid getest door middel van de [&hellip;]<\/p>","protected":false},"featured_media":721,"comment_status":"open","ping_status":"closed","template":"","meta":[],"product_brand":[],"product_cat":[36,27,18],"product_tag":[],"class_list":{"0":"post-720","1":"product","2":"type-product","3":"status-publish","4":"has-post-thumbnail","6":"product_cat-speelplaats-tegels","7":"product_cat-alle-producten","8":"product_cat-rubberen-tegels","10":"first","11":"instock","12":"shipping-taxable","13":"purchasable","14":"product-type-variable"},"aioseo_notices":[],"jetpack_sharing_enabled":true,"_links":{"self":[{"href":"https:\/\/r2greensolutions.com\/pt-b\/wp-json\/wp\/v2\/product\/720","targetHints":{"allow":["GET"]}}],"collection":[{"href":"https:\/\/r2greensolutions.com\/pt-b\/wp-json\/wp\/v2\/product"}],"about":[{"href":"https:\/\/r2greensolutions.com\/pt-b\/wp-json\/wp\/v2\/types\/product"}],"replies":[{"embeddable":true,"href":"https:\/\/r2greensolutions.com\/pt-b\/wp-json\/wp\/v2\/comments?post=720"}],"wp:featuredmedia":[{"embeddable":true,"href":"https:\/\/r2greensolutions.com\/pt-b\/wp-json\/wp\/v2\/media\/721"}],"wp:attachment":[{"href":"https:\/\/r2greensolutions.com\/pt-b\/wp-json\/wp\/v2\/media?parent=720"}],"wp:term":[{"taxonomy":"product_brand","embeddable":true,"href":"https:\/\/r2greensolutions.com\/pt-b\/wp-json\/wp\/v2\/product_brand?post=720"},{"taxonomy":"product_cat","embeddable":true,"href":"https:\/\/r2greensolutions.com\/pt-b\/wp-json\/wp\/v2\/product_cat?post=720"},{"taxonomy":"product_tag","embeddable":true,"href":"https:\/\/r2greensolutions.com\/pt-b\/wp-json\/wp\/v2\/product_tag?post=720"}],"curies":[{"name":"wp","href":"https:\/\/api.w.org\/{rel}","templated":true}]}}