{"id":602,"date":"2024-12-19T21:15:11","date_gmt":"2024-12-19T21:15:11","guid":{"rendered":"https:\/\/r2greensolutions.com\/?post_type=product&#038;p=602"},"modified":"2025-05-07T12:18:46","modified_gmt":"2025-05-07T12:18:46","slug":"montagekit-zwart","status":"publish","type":"product","link":"https:\/\/r2greensolutions.com\/pt-b\/produto\/montagekit-zwart\/","title":{"rendered":"Kit de montagem preto"},"content":{"rendered":"<h2>Kit de montagem Preto<\/h2>\n<p>Esse selante de montagem preto \u00e9 um produto de alta qualidade que pode ser usado tanto em ambientes internos quanto externos. Esse selante el\u00e1stico e pint\u00e1vel \u00e9 frequentemente usado para colagem, montagem e veda\u00e7\u00e3o de praticamente todos os materiais e substratos. Antes de usar esse selante, o substrato deve estar completamente limpo e livre de poeira e graxa.<\/p>\n<div class=\"h2\"><strong>Especifica\u00e7\u00f5es do produto<\/strong><\/div>\n<div><\/div>\n<table border=\"1\" cellspacing=\"0\" cellpadding=\"2\">\n<tbody>\n<tr>\n<td>\u00a0Mat\u00e9ria-prima b\u00e1sica<\/td>\n<td>\u00a0Pol\u00edmeros MSP de cura por umidade<\/td>\n<\/tr>\n<tr>\n<td>\u00a0Cor<\/td>\n<td>\u00a0Preto<\/td>\n<\/tr>\n<tr>\n<td>\u00a0Conte\u00fado<\/td>\n<td>\u00a0290 ml<\/td>\n<\/tr>\n<tr>\n<td>\u00a0Densidade<\/td>\n<td>\u00a01480 kg\/m3<\/td>\n<\/tr>\n<tr>\n<td>\u00a0Forma\u00e7\u00e3o da pele<\/td>\n<td>\u00a0Aprox. 10 min<\/td>\n<\/tr>\n<tr>\n<td>\u00a0Tempo de libera\u00e7\u00e3o do adesivo<\/td>\n<td>\u00a0Aprox. 60 min<\/td>\n<\/tr>\n<tr>\n<td>\u00a0Dureza<\/td>\n<td>\u00a0Aprox. 60 gr. shore A<\/td>\n<\/tr>\n<tr>\n<td>\u00a0Cura<\/td>\n<td>\u00a0Aprox. 2-3 mm por 24 horas<\/td>\n<\/tr>\n<tr>\n<td>\u00a0Alongamento no intervalo<\/td>\n<td>\u00a0300 %<\/td>\n<\/tr>\n<tr>\n<td>\u00a0Resist\u00eancia \u00e0 tra\u00e7\u00e3o<\/td>\n<td>\u00a0Aprox. 2,2 N\/mm\u00b2<\/td>\n<\/tr>\n<tr>\n<td>\u00a0Faixa de temperatura<\/td>\n<td>\u00a0De -40\u00b0C a +100\u00b0C<\/td>\n<\/tr>\n<tr>\n<td>\u00a0Recursos<\/td>\n<td>\u00a0- Resistente \u00e0 umidade<\/p>\n<div>\u00a0- Resistente a todas as condi\u00e7\u00f5es clim\u00e1ticas<br \/>\n- Resistente aos raios UV<br \/>\n- Pint\u00e1vel<br \/>\n- El\u00e1stico permanente<\/div>\n<\/td>\n<\/tr>\n<tr>\n<td>\u00a0Aplicativos<\/td>\n<td>\u00a0- Pain\u00e9is de fachada<\/p>\n<div>\u00a0- Vidro<br \/>\n- Espelhos<br \/>\n- Muitos pl\u00e1sticos (acr\u00edlico)<br \/>\n- Pedra<br \/>\n- Concreto<br \/>\n- Madeira<\/div>\n<div>\u00a0- Borracha<br \/>\n- Muitos metais<br \/>\n- Veda\u00e7\u00e3o, como juntas em banheiros, cozinhas, juntas de conv\u00e9s e calhas<\/div>\n<\/td>\n<\/tr>\n<tr>\n<td>\u00a0Processamento<\/td>\n<td>\u00a0- O selante deve ser aplicado em faixas ou pontos. Pressione e\/ou fixe e deixe curar. N\u00e3o aplique abaixo de +5\u00b0C. Veda\u00e7\u00e3o: para otimizar a efic\u00e1cia do selante, fa\u00e7a a junta com a mesma profundidade que a largura, no m\u00ednimo 5 mm. Espalhe o selante com um dedo molhado ou com uma esp\u00e1tula \u00famida.<\/td>\n<\/tr>\n<\/tbody>\n<\/table>\n<p>&nbsp;<\/p>\n<p><strong>Caracter\u00edsticas do produto<\/strong><\/p>\n<ul>\n<li><strong>N\u00famero do item:<\/strong> 71005001<\/li>\n<li><strong>Cor:<\/strong> Preto<\/li>\n<li><strong>Unidade de vendas:<\/strong> Cada<\/li>\n<\/ul>","protected":false},"excerpt":{"rendered":"<p>Montagekit Zwart Deze zwarte montagekit is een zeer hoogwaardig product dat zowel binnen als buiten gebruikt kan worden. Deze elastische en overschilderbare kitsoort wordt veelal gebruikt voor zowel lijmen, monteren als afdichten van vrijwel alle materialen en ondergronden. Voor gebruik van deze kit dient de ondergrond goed schoon, stof- en vetvrij te zijn. Productspecificaties \u00a0Basisgrondstof [&hellip;]<\/p>","protected":false},"featured_media":603,"comment_status":"open","ping_status":"closed","template":"","meta":[],"product_brand":[],"product_cat":[27,26],"product_tag":[],"class_list":{"0":"post-602","1":"product","2":"type-product","3":"status-publish","4":"has-post-thumbnail","6":"product_cat-alle-producten","7":"product_cat-overig","9":"first","10":"instock","11":"shipping-taxable","12":"purchasable","13":"product-type-simple"},"aioseo_notices":[],"jetpack_sharing_enabled":true,"_links":{"self":[{"href":"https:\/\/r2greensolutions.com\/pt-b\/wp-json\/wp\/v2\/product\/602","targetHints":{"allow":["GET"]}}],"collection":[{"href":"https:\/\/r2greensolutions.com\/pt-b\/wp-json\/wp\/v2\/product"}],"about":[{"href":"https:\/\/r2greensolutions.com\/pt-b\/wp-json\/wp\/v2\/types\/product"}],"replies":[{"embeddable":true,"href":"https:\/\/r2greensolutions.com\/pt-b\/wp-json\/wp\/v2\/comments?post=602"}],"wp:featuredmedia":[{"embeddable":true,"href":"https:\/\/r2greensolutions.com\/pt-b\/wp-json\/wp\/v2\/media\/603"}],"wp:attachment":[{"href":"https:\/\/r2greensolutions.com\/pt-b\/wp-json\/wp\/v2\/media?parent=602"}],"wp:term":[{"taxonomy":"product_brand","embeddable":true,"href":"https:\/\/r2greensolutions.com\/pt-b\/wp-json\/wp\/v2\/product_brand?post=602"},{"taxonomy":"product_cat","embeddable":true,"href":"https:\/\/r2greensolutions.com\/pt-b\/wp-json\/wp\/v2\/product_cat?post=602"},{"taxonomy":"product_tag","embeddable":true,"href":"https:\/\/r2greensolutions.com\/pt-b\/wp-json\/wp\/v2\/product_tag?post=602"}],"curies":[{"name":"wp","href":"https:\/\/api.w.org\/{rel}","templated":true}]}}