{"id":382,"date":"2024-12-15T22:36:18","date_gmt":"2024-12-15T22:36:18","guid":{"rendered":"https:\/\/r2greensolutions.com\/?post_type=product&#038;p=382"},"modified":"2025-05-07T12:24:59","modified_gmt":"2025-05-07T12:24:59","slug":"houten-terrastegel-malmo-30x30x24cm-set","status":"publish","type":"product","link":"https:\/\/r2greensolutions.com\/pt-b\/produto\/houten-terrastegel-malmo-30x30x24cm-set\/","title":{"rendered":"Telha de madeira para terra\u00e7o Malmo 30x30x2,4cm (Conjunto de 9 pe\u00e7as)"},"content":{"rendered":"<h2>Telhas de madeira de ac\u00e1cia para terra\u00e7o Malmo - natural<\/h2>\n<p>Essa telha de madeira para terra\u00e7o Malmo feita de madeira de ac\u00e1cia genu\u00edna 100% com conex\u00e3o por clique \u00e9 uma solu\u00e7\u00e3o elegante e pr\u00e1tica para varanda, terra\u00e7o e jardim. As telhas de jardim s\u00e3o feitas de madeira de ac\u00e1cia de alta qualidade aprovada pelo FSC, o que as torna altamente resistentes \u00e0s intemp\u00e9ries. Gra\u00e7as ao suporte sint\u00e9tico, esse deck tem boa drenagem e \u00e9 poss\u00edvel encaixar os ladrilhos de jardim para obter um motivo elegante.<\/p>\n<div class=\"h2\"><strong>Especifica\u00e7\u00f5es do produto<\/strong><\/div>\n<div><\/div>\n<table border=\"1\" cellspacing=\"0\" cellpadding=\"2\">\n<tbody>\n<tr>\n<td>\u00a0Qualidade<\/td>\n<td>\n<div>\u00a0Madeira de ac\u00e1cia impregnada (eucalipto)<\/div>\n<\/td>\n<\/tr>\n<tr>\n<td>\u00a0Hallmark<\/td>\n<td>\u00a0FSC (Forest Stewardship Council)<\/td>\n<\/tr>\n<tr>\n<td>\u00a0Cor<\/td>\n<td>\u00a0Marrom claro, Lavagem branca, Lavagem cinza, Marrom escuro<\/td>\n<\/tr>\n<tr>\n<td>\u00a0Material<\/td>\n<td>\n<div>\u00a0Madeira + suporte de pl\u00e1stico<\/div>\n<\/td>\n<\/tr>\n<tr>\n<td>\u00a0Comprimento<\/td>\n<td>\u00a0300 mm<\/td>\n<\/tr>\n<tr>\n<td>\u00a0Largura<\/td>\n<td>\u00a0300 mm<\/td>\n<\/tr>\n<tr>\n<td>\u00a0Espessura da madeira<\/td>\n<td>\u00a012 mm<\/td>\n<\/tr>\n<tr>\n<td>\u00a0Espessura do suporte de pl\u00e1stico<\/td>\n<td>\u00a012 mm<\/td>\n<\/tr>\n<tr>\n<td>\u00a0m2<\/td>\n<td>\u00a00,09m2 por ladrilho (0,9m2 por conjunto)<\/td>\n<\/tr>\n<tr>\n<td>\u00a0Implementa\u00e7\u00e3o<\/td>\n<td>\u00a0Com sistema de clique redondo<\/td>\n<\/tr>\n<tr>\n<td>\u00a0Unidade de vendas<\/td>\n<td>\u00a0Por 9 pe\u00e7as<\/td>\n<\/tr>\n<tr>\n<td>\u00a0Estrutura<\/td>\n<td>\u00a0T\u00e1buas de madeira 4\u00d73<\/td>\n<\/tr>\n<tr>\n<td>\u00a0Peso por telha<\/td>\n<td>\u00a0655 gramas<\/td>\n<\/tr>\n<tr>\n<td>\u00a0Recursos<\/td>\n<td>\n<ul>\n<li>Madeira de ac\u00e1cia genu\u00edna (FSC)<\/li>\n<li>Impregnado<\/li>\n<li>Suporte de pl\u00e1stico com sistema de drenagem<\/li>\n<li>Adequado para uso externo<\/li>\n<li>Resistente ao clima e ao vento<\/li>\n<li>Antiderrapante<\/li>\n<li>F\u00e1cil de colocar<\/li>\n<li>Encaixe em \u00e2ngulos retos<\/li>\n<li>Conjunto de 9 pe\u00e7as<\/li>\n<\/ul>\n<\/td>\n<\/tr>\n<tr>\n<td>\u00a0Aplicativos<\/td>\n<td>\n<ul>\n<li>Varanda<\/li>\n<li>Jardim<\/li>\n<li>Terra\u00e7o<\/li>\n<li>Passarelas<\/li>\n<li>Decks<\/li>\n<\/ul>\n<\/td>\n<\/tr>\n<tr>\n<td>\u00a0Orienta\u00e7\u00e3o para manuten\u00e7\u00e3o<\/td>\n<td>\u00a0Use \u00f3leo para assoalho de madeira para prolongar a vida \u00fatil do ladrilho de madeira e manter sua apar\u00eancia natural.<\/td>\n<\/tr>\n<\/tbody>\n<\/table>\n<p>&nbsp;<\/p>\n<h3><strong>Caracter\u00edsticas do produto<\/strong><\/h3>\n<ul>\n<li><strong>N\u00famero do item:<\/strong> 31500962<\/li>\n<li><strong>Material:<\/strong> Madeira<\/li>\n<li><strong>Qualidade:<\/strong> Madeira de ac\u00e1cia<\/li>\n<li><strong>Cor:<\/strong> Marrom claro<\/li>\n<li><strong>Comprimento:<\/strong> 300 mm<\/li>\n<li><strong>Largura:<\/strong> 300 mm<\/li>\n<li><strong>Espessura:<\/strong> 24 mm<\/li>\n<li><strong>Implementa\u00e7\u00e3o:<\/strong> Prateleiras 4\u00d73<\/li>\n<li><strong>Unidade de vendas:<\/strong> Conjunto<\/li>\n<\/ul>","protected":false},"excerpt":{"rendered":"<p><strong>Observa\u00e7\u00e3o:<\/strong> O pre\u00e7o e a quantidade s\u00e3o por m\u00b2.<\/p>","protected":false},"featured_media":393,"comment_status":"open","ping_status":"closed","template":"","meta":[],"product_brand":[],"product_cat":[27,19],"product_tag":[],"class_list":{"0":"post-382","1":"product","2":"type-product","3":"status-publish","4":"has-post-thumbnail","6":"product_cat-alle-producten","7":"product_cat-houten-tegels","9":"first","10":"instock","11":"shipping-taxable","12":"purchasable","13":"product-type-variable"},"aioseo_notices":[],"jetpack_sharing_enabled":true,"_links":{"self":[{"href":"https:\/\/r2greensolutions.com\/pt-b\/wp-json\/wp\/v2\/product\/382","targetHints":{"allow":["GET"]}}],"collection":[{"href":"https:\/\/r2greensolutions.com\/pt-b\/wp-json\/wp\/v2\/product"}],"about":[{"href":"https:\/\/r2greensolutions.com\/pt-b\/wp-json\/wp\/v2\/types\/product"}],"replies":[{"embeddable":true,"href":"https:\/\/r2greensolutions.com\/pt-b\/wp-json\/wp\/v2\/comments?post=382"}],"wp:featuredmedia":[{"embeddable":true,"href":"https:\/\/r2greensolutions.com\/pt-b\/wp-json\/wp\/v2\/media\/393"}],"wp:attachment":[{"href":"https:\/\/r2greensolutions.com\/pt-b\/wp-json\/wp\/v2\/media?parent=382"}],"wp:term":[{"taxonomy":"product_brand","embeddable":true,"href":"https:\/\/r2greensolutions.com\/pt-b\/wp-json\/wp\/v2\/product_brand?post=382"},{"taxonomy":"product_cat","embeddable":true,"href":"https:\/\/r2greensolutions.com\/pt-b\/wp-json\/wp\/v2\/product_cat?post=382"},{"taxonomy":"product_tag","embeddable":true,"href":"https:\/\/r2greensolutions.com\/pt-b\/wp-json\/wp\/v2\/product_tag?post=382"}],"curies":[{"name":"wp","href":"https:\/\/api.w.org\/{rel}","templated":true}]}}