{"id":349,"date":"2024-12-15T22:04:06","date_gmt":"2024-12-15T22:04:06","guid":{"rendered":"https:\/\/r2greensolutions.com\/?post_type=product&#038;p=349"},"modified":"2025-05-07T12:32:31","modified_gmt":"2025-05-07T12:32:31","slug":"zwembad-mat-grijs-33x33x16cm","status":"publish","type":"product","link":"https:\/\/r2greensolutions.com\/pt-b\/produto\/zwembad-mat-grijs-33x33x16cm\/","title":{"rendered":"Tapete de piscina 33x33x1,6cm (conjunto de 10 pe\u00e7as)"},"content":{"rendered":"<h2>Tapete para grelha cinza<\/h2>\n<p>&nbsp;<\/p>\n<div>O tapete de grade cinza \u00e9 feito de PVC macio e flex\u00edvel. Os tapetes de grade podem ser usados perfeitamente em \u00e1reas molhadas e \u00famidas. O sistema de drenagem integrado permite que a \u00e1gua seja drenada facilmente. Isso os torna ideais para aplica\u00e7\u00f5es em que \u00e9 necess\u00e1rio que a \u00e1gua seja drenada rapidamente. Al\u00e9m disso, os tapetes de grade s\u00e3o antiderrapantes, antibacterianos e resistentes a raios UV. O material de PVC macio do tapete de grade oferece grande conforto ergon\u00f4mico. Os tapetes de grade t\u00eam um sistema de clique ideal, permitindo que sejam facilmente encaixados. A flexibilidade permite que os ladrilhos unidos por clique sejam enrolados facilmente.<\/div>\n<p>&nbsp;<\/p>\n<div class=\"h2\">Especifica\u00e7\u00f5es do produto<\/div>\n<table border=\"1\" cellspacing=\"0\" cellpadding=\"2\">\n<tbody>\n<tr>\n<td>\u00a0Material<\/td>\n<td>\u00a0Pl\u00e1stico<\/td>\n<\/tr>\n<tr>\n<td>\u00a0Qualidade<\/td>\n<td>\u00a0PVC<\/td>\n<\/tr>\n<tr>\n<td>\u00a0Cor<\/td>\n<td>\u00a0Cinza<\/td>\n<\/tr>\n<tr>\n<td>\u00a0Largura<\/td>\n<td>\u00a0330 mm (33 cm)<\/td>\n<\/tr>\n<tr>\n<td>\u00a0Comprimento<\/td>\n<td>\u00a0300 mm (33 cm)<\/td>\n<\/tr>\n<tr>\n<td>\u00a0Espessura<\/td>\n<td>\u00a016 mm (1,6 cm)<\/td>\n<\/tr>\n<tr>\n<td>\u00a0Unidade de vendas<\/td>\n<td>\u00a0Cada<\/td>\n<\/tr>\n<tr>\n<td>\u00a0Recursos<\/td>\n<td>\u00a0- Antibacteriano<br \/>\n- Resistente aos raios UV<br \/>\n- Antiderrapante<br \/>\n- Adequado para uso interno e externo<\/p>\n<div>\u00a0- Perme\u00e1vel<br \/>\n- Possui um sistema de drenagem integrado<br \/>\n- Proporciona conforto ergon\u00f4mico<\/div>\n<\/td>\n<\/tr>\n<tr>\n<td>\u00a0Aplicativos<\/td>\n<td>\u00a0- Piscinas<\/p>\n<div>\u00a0- Saunas<br \/>\n- Banhos terap\u00eauticos<br \/>\n- Spas<br \/>\n- Centros de bem-estar<br \/>\n- Vesti\u00e1rios<br \/>\n- Vesti\u00e1rios<br \/>\n- Banheiros<br \/>\n- Banheiros com chuveiro<br \/>\n- Banheiros<br \/>\n- Hospitais<br \/>\n- Workshops<br \/>\n- Adegas<br \/>\n- \u00c1reas \u00famidas ou molhadas<\/div>\n<\/td>\n<\/tr>\n<\/tbody>\n<\/table>\n<p>&nbsp;<\/p>\n<h3><strong>Caracter\u00edsticas do produto<\/strong><\/h3>\n<ul>\n<li><strong>N\u00famero do item:<\/strong> 65001221<\/li>\n<li><strong>Material:<\/strong> Pl\u00e1stico<\/li>\n<li><strong>Qualidade:<\/strong> PVC<\/li>\n<li><strong>Cor:<\/strong> Cinza<\/li>\n<li><strong>Comprimento:<\/strong> 330 mm<\/li>\n<li><strong>Largura:<\/strong> 330 mm<\/li>\n<li><strong>Espessura:<\/strong> 16 mm<\/li>\n<li><strong>Unidade de vendas:<\/strong> Conjunto<\/li>\n<\/ul>","protected":false},"excerpt":{"rendered":"<p>Roostermat grijs &nbsp; De grijze roostermat is gemaakt van zacht en flexibel PVC. De roostermatten kunnen perfect toegepast worden in natte en vochtige ruimtes. Dankzij het ge\u00efntegreerde drainagesysteem kan water gemakkelijk weglopen. Dit maakt ze ideaal voor toepassingen waar het noodzakelijk is water snel weg te laten vloeien. Daarnaast zijn de roostermatten antislip, antibacterieel en [&hellip;]<\/p>","protected":false},"featured_media":356,"comment_status":"open","ping_status":"closed","template":"","meta":[],"product_brand":[],"product_cat":[27,28],"product_tag":[],"class_list":{"0":"post-349","1":"product","2":"type-product","3":"status-publish","4":"has-post-thumbnail","6":"product_cat-alle-producten","7":"product_cat-zwembad-matten","9":"first","10":"instock","11":"shipping-taxable","12":"purchasable","13":"product-type-simple"},"aioseo_notices":[],"jetpack_sharing_enabled":true,"_links":{"self":[{"href":"https:\/\/r2greensolutions.com\/pt-b\/wp-json\/wp\/v2\/product\/349","targetHints":{"allow":["GET"]}}],"collection":[{"href":"https:\/\/r2greensolutions.com\/pt-b\/wp-json\/wp\/v2\/product"}],"about":[{"href":"https:\/\/r2greensolutions.com\/pt-b\/wp-json\/wp\/v2\/types\/product"}],"replies":[{"embeddable":true,"href":"https:\/\/r2greensolutions.com\/pt-b\/wp-json\/wp\/v2\/comments?post=349"}],"wp:featuredmedia":[{"embeddable":true,"href":"https:\/\/r2greensolutions.com\/pt-b\/wp-json\/wp\/v2\/media\/356"}],"wp:attachment":[{"href":"https:\/\/r2greensolutions.com\/pt-b\/wp-json\/wp\/v2\/media?parent=349"}],"wp:term":[{"taxonomy":"product_brand","embeddable":true,"href":"https:\/\/r2greensolutions.com\/pt-b\/wp-json\/wp\/v2\/product_brand?post=349"},{"taxonomy":"product_cat","embeddable":true,"href":"https:\/\/r2greensolutions.com\/pt-b\/wp-json\/wp\/v2\/product_cat?post=349"},{"taxonomy":"product_tag","embeddable":true,"href":"https:\/\/r2greensolutions.com\/pt-b\/wp-json\/wp\/v2\/product_tag?post=349"}],"curies":[{"name":"wp","href":"https:\/\/api.w.org\/{rel}","templated":true}]}}