{"id":300,"date":"2024-12-15T21:03:04","date_gmt":"2024-12-15T21:03:04","guid":{"rendered":"https:\/\/r2greensolutions.com\/?post_type=product&#038;p=300"},"modified":"2025-02-24T16:23:07","modified_gmt":"2025-02-24T16:23:07","slug":"speelplaatstegel-groen-100x100x48cm","status":"publish","type":"product","link":"https:\/\/r2greensolutions.com\/pt-b\/produto\/speelplaatstegel-groen-100x100x48cm\/","title":{"rendered":"Ladrilho para playground 100x100x4,8cm (por pe\u00e7a)"},"content":{"rendered":"<h2>Placa de playground 100x100x4,8 cm (incluindo pinos)<\/h2>\n<p>Essa placa de playground de 100x100 cm \u00e9 ideal se voc\u00ea estiver procurando uma placa de borracha para prote\u00e7\u00e3o contra quedas e redu\u00e7\u00e3o do risco de les\u00f5es. Pesquisas demonstraram que o uso de placas de borracha para playground reduz o risco de les\u00f5es. As placas de playground foram amplamente testadas por meio dos procedimentos de teste do Head Injury Criteria (HIC).<\/p>\n<p>Os pisos de playground est\u00e3o em conformidade com a norma europeia EN 1177:2018 associada a superf\u00edcies de absor\u00e7\u00e3o de choque. Como resultado, as placas de playground oferecem a m\u00e1xima prote\u00e7\u00e3o para as crian\u00e7as que est\u00e3o brincando. As placas pretas de playground 100\u00d7100 com espessura de 4,8 cm t\u00eam uma altura de queda segura de at\u00e9 1,5 metro.<\/p>\n<p>Cuidado! Nos meses de ver\u00e3o, os azulejos do playground podem ficar muito quentes sob o sol forte. Portanto, tenha cuidado quando as crian\u00e7as estiverem brincando descal\u00e7as ou com as pernas nuas. Borrife os azulejos regularmente com \u00e1gua fria durante as brincadeiras para esfri\u00e1-los.<\/p>\n<p>&nbsp;<\/p>\n<div class=\"h2\"><strong>Especifica\u00e7\u00f5es do produto<\/strong><\/div>\n<div><\/div>\n<table border=\"1\" cellspacing=\"0\" cellpadding=\"2\">\n<tbody>\n<tr>\n<td>Qualidade<\/td>\n<td>Borracha reciclada<\/td>\n<\/tr>\n<tr>\n<td>Cor<\/td>\n<td>Verde, preto, vermelho, cinza<\/td>\n<\/tr>\n<tr>\n<td>Comprimento<\/td>\n<td>1.000 mm (1 m)<\/td>\n<\/tr>\n<tr>\n<td>Largura<\/td>\n<td>1.000 mm (1 m)<\/td>\n<\/tr>\n<tr>\n<td>Espessura<\/td>\n<td>48 mm (4,8 cm)<\/td>\n<\/tr>\n<tr>\n<td>Implementa\u00e7\u00e3o<\/td>\n<td>Com conex\u00e3o de pino\/furo (incluindo pinos)<\/td>\n<\/tr>\n<tr>\n<td>Unidade de vendas<\/td>\n<td>Cada<\/td>\n<\/tr>\n<tr>\n<td>Peso<\/td>\n<td>26,4 kg<\/td>\n<\/tr>\n<tr>\n<td>Altura da queda<\/td>\n<td>At\u00e9 150 cm<\/td>\n<\/tr>\n<tr>\n<td>Toler\u00e2ncia de tamanho comprimento\/largura<\/td>\n<td>+\/- 1,5%<\/td>\n<\/tr>\n<tr>\n<td>Toler\u00e2ncia de tamanho Espessura<\/td>\n<td>+\/- 8%<\/td>\n<\/tr>\n<tr>\n<td>Subpavimento para piscina<\/td>\n<td>\u00a0at\u00e9 3800 litros<\/td>\n<\/tr>\n<tr>\n<td>Recursos<\/td>\n<td>\n<ul>\n<li>Sistema de drenagem integrado<\/li>\n<li>Reduz o risco de les\u00f5es<\/li>\n<li>Testado por meio dos procedimentos de teste HIC (Head Injury Criterion)<\/li>\n<li>Em conformidade com a norma europeia EN 1177:2018<\/li>\n<li>Resistente ao desgaste<\/li>\n<li>Resistente ao clima e ao vento<\/li>\n<li>F\u00e1cil de colocar<\/li>\n<li>F\u00e1cil de limpar<\/li>\n<li>Antiderrapante em condi\u00e7\u00f5es \u00famidas e secas<\/li>\n<li>Por pe\u00e7a<\/li>\n<\/ul>\n<\/td>\n<\/tr>\n<tr>\n<td>Aplicativos<\/td>\n<td>\n<ul>\n<li>Playgrounds<\/li>\n<li>Parques de skate<\/li>\n<li>P\u00e1tios<\/li>\n<li>Terra\u00e7os no telhado<\/li>\n<li>Varandas<\/li>\n<li>Sob paredes de escalada<\/li>\n<li>Ladrilhos para piso de piscina<\/li>\n<li>Qualquer outra situa\u00e7\u00e3o em que uma superf\u00edcie de absor\u00e7\u00e3o de choque possa proporcionar uma situa\u00e7\u00e3o mais segura<\/li>\n<\/ul>\n<\/td>\n<\/tr>\n<tr>\n<td>\u00a0Vantagens<\/td>\n<td>\n<ul>\n<li>Instala\u00e7\u00e3o r\u00e1pida<\/li>\n<li>Economia de custos<\/li>\n<li>Maior estabilidade<\/li>\n<li>Ideal para grandes superf\u00edcies<\/li>\n<li>Menos costuras<\/li>\n<\/ul>\n<\/td>\n<\/tr>\n<\/tbody>\n<\/table>\n<h3><\/h3>\n<h3><strong>Caracter\u00edsticas do produto<\/strong><\/h3>\n<ul>\n<li><strong>N\u00famero do item:<\/strong> 31400107<\/li>\n<li><strong>Material:<\/strong> Borracha<\/li>\n<li><strong>Qualidade:<\/strong> Borracha reciclada<\/li>\n<li><strong>Cor:<\/strong> Verde, preto, vermelho, cinza<\/li>\n<li><strong>Altura da queda:<\/strong> At\u00e9 150 cm<\/li>\n<li><strong>Comprimento:<\/strong> 1000 mm<\/li>\n<li><strong>Largura:<\/strong> 1000 mm<\/li>\n<li><strong>Espessura:<\/strong> 48 mm<\/li>\n<li><strong>Implementa\u00e7\u00e3o:<\/strong> Com conex\u00e3o de pino\/furo<\/li>\n<li><strong>Unidade de vendas:<\/strong> Pe\u00e7a<\/li>\n<\/ul>","protected":false},"excerpt":{"rendered":"<p><strong>Observa\u00e7\u00e3o:<\/strong> O pre\u00e7o e a quantidade s\u00e3o por m\u00b2.<\/p>","protected":false},"featured_media":304,"comment_status":"open","ping_status":"closed","template":"","meta":[],"product_brand":[],"product_cat":[27,18,36],"product_tag":[],"class_list":{"0":"post-300","1":"product","2":"type-product","3":"status-publish","4":"has-post-thumbnail","6":"product_cat-alle-producten","7":"product_cat-rubberen-tegels","8":"product_cat-speelplaats-tegels","10":"first","11":"instock","12":"shipping-taxable","13":"purchasable","14":"product-type-variable"},"aioseo_notices":[],"jetpack_sharing_enabled":true,"_links":{"self":[{"href":"https:\/\/r2greensolutions.com\/pt-b\/wp-json\/wp\/v2\/product\/300","targetHints":{"allow":["GET"]}}],"collection":[{"href":"https:\/\/r2greensolutions.com\/pt-b\/wp-json\/wp\/v2\/product"}],"about":[{"href":"https:\/\/r2greensolutions.com\/pt-b\/wp-json\/wp\/v2\/types\/product"}],"replies":[{"embeddable":true,"href":"https:\/\/r2greensolutions.com\/pt-b\/wp-json\/wp\/v2\/comments?post=300"}],"wp:featuredmedia":[{"embeddable":true,"href":"https:\/\/r2greensolutions.com\/pt-b\/wp-json\/wp\/v2\/media\/304"}],"wp:attachment":[{"href":"https:\/\/r2greensolutions.com\/pt-b\/wp-json\/wp\/v2\/media?parent=300"}],"wp:term":[{"taxonomy":"product_brand","embeddable":true,"href":"https:\/\/r2greensolutions.com\/pt-b\/wp-json\/wp\/v2\/product_brand?post=300"},{"taxonomy":"product_cat","embeddable":true,"href":"https:\/\/r2greensolutions.com\/pt-b\/wp-json\/wp\/v2\/product_cat?post=300"},{"taxonomy":"product_tag","embeddable":true,"href":"https:\/\/r2greensolutions.com\/pt-b\/wp-json\/wp\/v2\/product_tag?post=300"}],"curies":[{"name":"wp","href":"https:\/\/api.w.org\/{rel}","templated":true}]}}